{"id":12884,"date":"2021-05-10T06:36:23","date_gmt":"2021-05-10T06:36:23","guid":{"rendered":"https:\/\/ricetvp.com\/contact-us-copy\/"},"modified":"2022-08-10T15:08:22","modified_gmt":"2022-08-10T15:08:22","slug":"lien-he","status":"publish","type":"page","link":"https:\/\/ricetvp.com\/en\/lien-he\/","title":{"rendered":"contact"},"content":{"rendered":"<div data-elementor-type=\"wp-page\" data-elementor-id=\"12884\" class=\"elementor elementor-12884\" data-elementor-settings=\"[]\">\n\t\t\t\t\t\t<div class=\"elementor-inner\">\n\t\t\t\t\t\t\t<div class=\"elementor-section-wrap\">\n\t\t\t\t\t\t\t<section class=\"elementor-section elementor-top-section elementor-element elementor-element-026859c elementor-section-full_width elementor-section-height-default elementor-section-height-default\" data-id=\"026859c\" data-element_type=\"section\">\n\t\t\t\t\t\t<div class=\"elementor-container elementor-column-gap-default\">\n\t\t\t\t\t\t\t<div class=\"elementor-row\">\n\t\t\t\t\t<div class=\"elementor-column elementor-col-100 elementor-top-column elementor-element elementor-element-f09df20\" data-id=\"f09df20\" data-element_type=\"column\">\n\t\t\t<div class=\"elementor-column-wrap elementor-element-populated\">\n\t\t\t\t\t\t\t<div class=\"elementor-widget-wrap\">\n\t\t\t\t\t\t<div class=\"elementor-element elementor-element-7d574c8 elementor-widget elementor-widget-html\" data-id=\"7d574c8\" data-element_type=\"widget\" data-widget_type=\"html.default\">\n\t\t\t\t<div class=\"elementor-widget-container\">\n\t\t\t\n            <div \n                class=\"elfsight-widget-google-maps elfsight-widget\" \n                data-elfsight-google-maps-options=\"%7B%22categoriesEnabled%22%3Atrue%2C%22categories%22%3A%5B%5D%2C%22icons%22%3A%5B%5D%2C%22lang%22%3A%22en%22%2C%22distanceUnits%22%3A%22mi%22%2C%22markers%22%3A%5B%7B%22position%22%3A%22%22%2C%22coordinates%22%3A%2210.4106257%2C%20104.9036044%22%2C%22infoTitle%22%3A%22RiceTVP.com%22%2C%22category%22%3A%22%22%2C%22icon%22%3A%22%22%2C%22infoDescription%22%3A%22C%5Cu00f4ng%20ty%20s%5Cu1ea3n%20xu%5Cu1ea5t%20l%5Cu00faa%20g%5Cu1ea1o%20v%5Cu1edbi%20m%5Cu1ed9t%20chu%5Cu1ed7i%20gi%5Cu00e1%20tr%5Cu1ecb%20t%5Cu1eeb%20c%5Cu00e1nh%20%5Cu0111%5Cu1ed3ng%20%5Cu0111%5Cu1ebfn%20b%5Cu00e0n%20%5Cu0103n%2C%20t%5Cu1ea1o%20ra%20nh%5Cu1eefng%20s%5Cu1ea3n%20ph%5Cu1ea9m%20%5Cu0111%5Cu1ed9c%20%5Cu0111%5Cu00e1o%20v%5Cu00e0%20dinh%20d%5Cu01b0%5Cu1ee1ng.%20N%5Cu1ed5i%20b%5Cu1eadt%20v%5Cu1edbi%20d%5Cu00f2ng%20g%5Cu1ea1o%20cao%20c%5Cu1ea5p%20v%5Cu1edbi%2017%20acid%20amin%2C%20collagen%2C%20beta-caroteen%2C%20S%5Cu1eaft%2C%20Canxi%2C%20nh%5Cu1eb1m%20mang%20%5Cu0111%5Cu1ebfn%20cho%20ng%5Cu01b0%5Cu1eddi%20d%5Cu00f9ng%20m%5Cu1ed9t%20s%5Cu1ea3n%20ph%5Cu1ea9m%20dinh%20d%5Cu01b0%5Cu1ee1ng%20h%5Cu1ee3p%20l%5Cu00fd%20theo%20t%5Cu1eebng%20nhu%20c%5Cu1ea7u.%22%2C%22infoImage%22%3A%22https%3A%5C%2F%5C%2Fricetvp.com%5C%2Fwp-content%5C%2Fuploads%5C%2F2021%5C%2F11%5C%2Fcom-1.png%22%2C%22infoAddress%22%3A%22S%5Cu1ed1%20546%2C%20%5Cu1ea5p%20Gi%5Cu1ed3ng%20C%5Cu00e1t%2C%20x%5Cu00e3%20L%5Cu01b0%5Cu01a1ng%20An%20Tr%5Cu00e0%2C%20huy%5Cu1ec7n%20Tri%20T%5Cu00f4n%2C%20t%5Cu1ec9nh%20An%20Giang%22%2C%22infoSite%22%3A%22ricetvp.com%22%2C%22infoPhone%22%3A%22%2B84.2966.54.9999%22%2C%22infoEmail%22%3A%22info%40ricetvp.com%22%2C%22infoWorkingHours%22%3A%22Th%5Cu1ee9%202%20%5Cu2013%20Th%5Cu1ee9%207%3A%207%3A00%20%5Cu2013%2017%3A00%22%2C%22markerClickAction%22%3A%22infoWindow%22%2C%22infoWindowOpenedByDefault%22%3Afalse%2C%22linkUrl%22%3A%22%22%2C%22animation%22%3A%22none%22%7D%2C%7B%22position%22%3A%22Th%5Cu1ecb%20tr%5Cu1ea5n%20Tri%20T%5Cu00f4n%2C%20huy%5Cu1ec7n%20Tri%20T%5Cu00f4n%2C%20t%5Cu1ec9nh%20An%20Giang%20Th%5Cu1ee9%202%20%5Cu2013%20Ch%5Cu1ee7%20nh%5Cu1eadt%20%22%2C%22coordinates%22%3A%2210.4236989%2C%20105.0031457%22%2C%22infoTitle%22%3A%22C%5Cu1eeda%20h%5Cu00e0ng%20G%5Cu1ea1o%207%20N%5Cu00fai%20-%20Tri%20T%5Cu00f4n%22%2C%22category%22%3A%22%22%2C%22icon%22%3A%22%22%2C%22infoDescription%22%3A%22%22%2C%22infoImage%22%3A%22https%3A%5C%2F%5C%2Fricetvp.com%5C%2Fwp-content%5C%2Fuploads%5C%2F2021%5C%2F11%5C%2Fd61a50be798bb2d5eb9a.jpg%22%2C%22infoAddress%22%3A%22Th%5Cu1ecb%20tr%5Cu1ea5n%20Tri%20T%5Cu00f4n%2C%20huy%5Cu1ec7n%20Tri%20T%5Cu00f4n%2C%20t%5Cu1ec9nh%20An%20Giang%22%2C%22infoSite%22%3A%22ricetvp.com%22%2C%22infoPhone%22%3A%22%5Cu0110ang%20c%5Cu1eadp%20nh%5Cu1eadt%22%2C%22infoEmail%22%3A%22info%40ricetvp.com%22%2C%22infoWorkingHours%22%3A%22Th%5Cu1ee9%202%20%5Cu2013%20Ch%5Cu1ee7%20nh%5Cu1eadt%3A%207%3A00%20%5Cu2013%2017%3A00%22%2C%22markerClickAction%22%3A%22infoWindow%22%2C%22infoWindowOpenedByDefault%22%3Afalse%2C%22linkUrl%22%3A%22%22%2C%22animation%22%3A%22none%22%7D%2C%7B%22position%22%3A%22911%20Tr%5Cu1ea7n%20H%5Cu01b0ng%20%5Cu0110%5Cu1ea1o%2C%20Ph%5Cu01b0%5Cu1eddng%20B%5Cu00ecnh%20Kh%5Cu00e1nh%2C%20Th%5Cu00e0nh%20ph%5Cu1ed1%20Long%20Xuy%5Cu00ean%2C%20An%20Giang%22%2C%22coordinates%22%3A%2210.3940904%2C%20105.425858%22%2C%22infoTitle%22%3A%22C%5Cu00f4ng%20Ty%20TNHH%20MTV%20D%5Cu1ecbch%20V%5Cu1ee5%20L%5Cu1eef%20H%5Cu00e0nh%20An%20Giang%22%2C%22category%22%3A%22%22%2C%22icon%22%3A%22%22%2C%22infoDescription%22%3A%22%22%2C%22infoImage%22%3Anull%2C%22infoAddress%22%3A%22%22%2C%22infoSite%22%3A%22%22%2C%22infoPhone%22%3A%22%2B84.2963.956.002%22%2C%22infoEmail%22%3A%22%22%2C%22infoWorkingHours%22%3A%22%22%2C%22markerClickAction%22%3A%22infoWindow%22%2C%22infoWindowOpenedByDefault%22%3Afalse%2C%22linkUrl%22%3A%22%22%2C%22animation%22%3A%22none%22%7D%2C%7B%22position%22%3A%22Huli%20Blvd%2C%20Huli%20District%2C%20Xiamen%2C%20Fujian%2C%20Trung%20Qu%5Cu1ed1c%2C%20361006%22%2C%22coordinates%22%3A%2224.51151%2C%20118.1064%22%2C%22infoTitle%22%3A%22V%5Cu0103n%20ph%5Cu00f2ng%20%5Cu0111%5Cu1ea1i%20di%5Cu1ec7n%20t%5Cu1ea1i%20C%5Cu1ed9ng%20H%5Cu00f2a%20Nh%5Cu00e2n%20D%5Cu00e2n%20Trung%20Hoa%22%2C%22category%22%3A%22%22%2C%22icon%22%3A%22%22%2C%22infoDescription%22%3A%22%22%2C%22infoImage%22%3Anull%2C%22infoAddress%22%3A%22Town%20210%2C%20New%20Times%20Building%2C%20No.1%2C%20Huli%20Avenue%2C%20Xiamen%20Area%2C%20China%22%2C%22infoSite%22%3A%22%22%2C%22infoPhone%22%3A%22%2B0086-18606067296%22%2C%22infoEmail%22%3A%22%22%2C%22infoWorkingHours%22%3A%22%22%2C%22markerClickAction%22%3A%22infoWindow%22%2C%22infoWindowOpenedByDefault%22%3Afalse%2C%22linkUrl%22%3A%22%22%2C%22animation%22%3A%22none%22%2C%22id%22%3A%229aa5968e-fc8f-4176-9cf9-57548c497ed8%22%7D%2C%7B%22position%22%3A%22Josef-Endlweber-Gasse%206%2C%201230%20Wien%2C%20Austria%2C%20EU%22%2C%22coordinates%22%3A%2248.0395669%2C%2016.6450386%22%2C%22infoTitle%22%3A%22V%5Cu0103n%20ph%5Cu00f2ng%20%5Cu0111%5Cu1ea1i%20di%5Cu1ec7n%20t%5Cu1ea1i%20EU%22%2C%22category%22%3A%22%22%2C%22icon%22%3A%22%22%2C%22infoDescription%22%3A%22%22%2C%22infoImage%22%3A%7B%22name%22%3A%22%22%2C%22url%22%3A%22%22%7D%2C%22infoAddress%22%3A%22Josef-Endlweber-Gasse%206%2C%201230%20Wien%2C%20Austria%2C%20EU%22%2C%22infoSite%22%3A%22%22%2C%22infoPhone%22%3A%22%2B436767840309%22%2C%22infoEmail%22%3A%22%22%2C%22infoWorkingHours%22%3A%22%22%2C%22markerClickAction%22%3A%22infoWindow%22%2C%22infoWindowOpenedByDefault%22%3Afalse%2C%22linkUrl%22%3A%22%22%2C%22animation%22%3A%22none%22%7D%2C%7B%22position%22%3A%2237.7493457%2C-122.3921903%22%2C%22coordinates%22%3A%2237.7493457%2C%20-122.3921903%22%2C%22infoTitle%22%3A%22V%5Cu0103n%20ph%5Cu00f2ng%20%5Cu0111%5Cu1ea1i%20di%5Cu1ec7n%20t%5Cu1ea1i%20USA%22%2C%22category%22%3A%22%22%2C%22icon%22%3A%22%22%2C%22infoDescription%22%3A%22%22%2C%22infoImage%22%3A%7B%22name%22%3A%22%22%2C%22url%22%3A%22%22%7D%2C%22infoAddress%22%3A%221635%20Indiana%20St%2C%20San%20Francisco%2C%20CA%2094124%2C%20Hoa%20K%5Cu1ef3%22%2C%22infoSite%22%3A%22%22%2C%22infoPhone%22%3A%22%2B1-520-4523%22%2C%22infoEmail%22%3A%22%22%2C%22infoWorkingHours%22%3A%22%22%2C%22markerClickAction%22%3A%22infoWindow%22%2C%22infoWindowOpenedByDefault%22%3Afalse%2C%22linkUrl%22%3A%22%22%2C%22animation%22%3A%22none%22%7D%5D%2C%22mapType%22%3A%22roadmap%22%2C%22center%22%3A%22auto%22%2C%22zoom%22%3A%22auto%22%2C%22controls%22%3A%5B%22zoom%22%2C%22mapType%22%2C%22scale%22%2C%22streetView%22%2C%22rotate%22%2C%22fullScreen%22%5D%2C%22markerClusterEnabled%22%3Atrue%2C%22markerClusterZoom%22%3Atrue%2C%22markerClusterMin%22%3A2%2C%22markerClusterIcon%22%3A%22default%22%2C%22markerClusterIconColor%22%3A%22%22%2C%22markerClusterIconUrl%22%3Anull%2C%22markerClusterSize%22%3A52%2C%22infoDirections%22%3Atrue%2C%22directionsTarget%22%3A%22inline%22%2C%22scrollwheel%22%3Afalse%2C%22draggable%22%3Atrue%2C%22layers%22%3A%5B%5D%2C%22width%22%3A%22auto%22%2C%22height%22%3A%22640%22%2C%22panelEnabled%22%3Atrue%2C%22panelOpenByDefault%22%3Atrue%2C%22panelSearchVisible%22%3Atrue%2C%22panelSearchBy%22%3A%22markers%22%2C%22panelSearchPlaceholder%22%3A%22%22%2C%22panelListItemElements%22%3A%5B%22title%22%2C%22category%22%2C%22image%22%2C%22address%22%2C%22phone%22%2C%22workingHours%22%5D%2C%22mainColor%22%3A%22rgb%281%2C%20120%2C%2092%29%22%2C%22style%22%3A%22default%22%2C%22colorGeometry%22%3A%22%22%2C%22colorLabelsTextFill%22%3A%22%22%2C%22colorLabelsTextStroke%22%3A%22%22%2C%22colorAdministrativeGeometryStroke%22%3A%22%22%2C%22colorAdministrativeLandParcel%22%3A%22%22%2C%22colorLandscapeNaturalGeometry%22%3A%22%22%2C%22colorPoiGeometry%22%3A%22%22%2C%22colorPoiLabelsTextFill%22%3A%22%22%2C%22colorPoiParkGeometryFill%22%3A%22%22%2C%22colorPoiParkLabelsTextFill%22%3A%22%22%2C%22colorRoadGeometry%22%3A%22%22%2C%22colorRoadArterial%22%3A%22%22%2C%22colorRoadHighway%22%3A%22%22%2C%22colorRoadHighwayGeometryStroke%22%3A%22%22%2C%22colorRoadHighwayControlledAccessGeometry%22%3A%22%22%2C%22colorRoadHighwayControlledAccessGeometryStroke%22%3A%22%22%2C%22colorRoadLocalLabelsTextFill%22%3A%22%22%2C%22colorTransitLineGeometry%22%3A%22%22%2C%22colorTransitLineLabelsTextFill%22%3A%22%22%2C%22colorTransitLineLabelsTextStroke%22%3A%22%22%2C%22colorTransitStationGeometry%22%3A%22%22%2C%22colorWaterGeometryFill%22%3A%22%22%2C%22colorWaterLabelTextFill%22%3A%22%22%2C%22customGoogleMapsStyles%22%3A%22%22%2C%22apiKey%22%3A%22AIzaSyBLVcq92sDlU9ICVZCozPAlGpHDbM_yKVo%22%2C%22widgetId%22%3A%221%22%7D\" \n                data-elfsight-google-maps-version=\"2.4.2\"\n                data-elfsight-widget-id=\"elfsight-google-maps-1\">\n            <\/div>\n            \t\t<\/div>\n\t\t\t\t<\/div>\n\t\t\t\t\t\t<\/div>\n\t\t\t\t\t<\/div>\n\t\t<\/div>\n\t\t\t\t\t\t\t\t<\/div>\n\t\t\t\t\t<\/div>\n\t\t<\/section>\n\t\t\t\t<section class=\"elementor-section elementor-top-section elementor-element elementor-element-5003611 elementor-section-content-top elementor-section-boxed elementor-section-height-default elementor-section-height-default\" data-id=\"5003611\" data-element_type=\"section\">\n\t\t\t\t\t\t<div class=\"elementor-container elementor-column-gap-wider\">\n\t\t\t\t\t\t\t<div class=\"elementor-row\">\n\t\t\t\t\t<section class=\"elementor-column elementor-col-50 elementor-top-column elementor-element elementor-element-748828d\" data-id=\"748828d\" data-element_type=\"column\">\n\t\t\t<div class=\"elementor-column-wrap elementor-element-populated\">\n\t\t\t\t\t\t\t<div class=\"elementor-widget-wrap\">\n\t\t\t\t\t\t<section class=\"elementor-section elementor-inner-section elementor-element elementor-element-c83b5f9 elementor-section-boxed elementor-section-height-default elementor-section-height-default\" data-id=\"c83b5f9\" data-element_type=\"section\">\n\t\t\t\t\t\t\t<div class=\"elementor-background-overlay\"><\/div>\n\t\t\t\t\t\t\t<div class=\"elementor-container elementor-column-gap-default\">\n\t\t\t\t\t\t\t<div class=\"elementor-row\">\n\t\t\t\t\t<div class=\"elementor-column elementor-col-100 elementor-inner-column elementor-element elementor-element-96de9c9\" data-id=\"96de9c9\" data-element_type=\"column\">\n\t\t\t<div class=\"elementor-column-wrap elementor-element-populated\">\n\t\t\t\t\t\t\t<div class=\"elementor-widget-wrap\">\n\t\t\t\t\t\t<div class=\"elementor-element elementor-element-91dc523 elementor-widget elementor-widget-text-editor\" data-id=\"91dc523\" data-element_type=\"widget\" data-widget_type=\"text-editor.default\">\n\t\t\t\t<div class=\"elementor-widget-container\">\n\t\t\t\t\t\t\t\t<div class=\"elementor-text-editor elementor-clearfix\">\n\t\t\t\t<p><strong>Location<\/strong><\/p>\t\t\t\t\t<\/div>\n\t\t\t\t\t\t<\/div>\n\t\t\t\t<\/div>\n\t\t\t\t<div class=\"elementor-element elementor-element-4528ab2 elementor-icon-list--layout-traditional elementor-list-item-link-full_width elementor-widget elementor-widget-icon-list\" data-id=\"4528ab2\" data-element_type=\"widget\" data-widget_type=\"icon-list.default\">\n\t\t\t\t<div class=\"elementor-widget-container\">\n\t\t\t\t\t<ul class=\"elementor-icon-list-items\">\n\t\t\t\t\t\t\t<li class=\"elementor-icon-list-item\">\n\t\t\t\t\t\t\t\t\t\t\t<a href=\"https:\/\/goo.gl\/maps\/XyANinc4EoxHZguc9\" target=\"_blank\">\n\n\t\t\t\t\t\t\t\t\t\t\t\t<span class=\"elementor-icon-list-icon\">\n\t\t\t\t\t\t\t<i aria-hidden=\"true\" class=\"fas fa-map-marked-alt\"><\/i>\t\t\t\t\t\t<\/span>\n\t\t\t\t\t\t\t\t\t\t<span class=\"elementor-icon-list-text\">546, Giong Cat hamlet, Luong An Tra commune, Tri Ton district, An Giang province, Vietnam<\/span>\n\t\t\t\t\t\t\t\t\t\t\t<\/a>\n\t\t\t\t\t\t\t\t\t<\/li>\n\t\t\t\t\t\t\t\t<li class=\"elementor-icon-list-item\">\n\t\t\t\t\t\t\t\t\t\t\t<a href=\"tel:+842966549999\">\n\n\t\t\t\t\t\t\t\t\t\t\t\t<span class=\"elementor-icon-list-icon\">\n\t\t\t\t\t\t\t<i aria-hidden=\"true\" class=\"fas fa-phone-alt\"><\/i>\t\t\t\t\t\t<\/span>\n\t\t\t\t\t\t\t\t\t\t<span class=\"elementor-icon-list-text\">02966.54.9999<\/span>\n\t\t\t\t\t\t\t\t\t\t\t<\/a>\n\t\t\t\t\t\t\t\t\t<\/li>\n\t\t\t\t\t\t\t\t<li class=\"elementor-icon-list-item\">\n\t\t\t\t\t\t\t\t\t\t\t<a href=\"https:\/\/telegram.me\/telegram\" target=\"_blank\">\n\n\t\t\t\t\t\t\t\t\t\t\t\t<span class=\"elementor-icon-list-icon\">\n\t\t\t\t\t\t\t<i aria-hidden=\"true\" class=\"fas fa-mail-bulk\"><\/i>\t\t\t\t\t\t<\/span>\n\t\t\t\t\t\t\t\t\t\t<span class=\"elementor-icon-list-text\">info@ricetvp.com<\/span>\n\t\t\t\t\t\t\t\t\t\t\t<\/a>\n\t\t\t\t\t\t\t\t\t<\/li>\n\t\t\t\t\t\t<\/ul>\n\t\t\t\t<\/div>\n\t\t\t\t<\/div>\n\t\t\t\t\t\t<\/div>\n\t\t\t\t\t<\/div>\n\t\t<\/div>\n\t\t\t\t\t\t\t\t<\/div>\n\t\t\t\t\t<\/div>\n\t\t<\/section>\n\t\t\t\t<section class=\"elementor-section elementor-inner-section elementor-element elementor-element-fcca24e elementor-section-boxed elementor-section-height-default elementor-section-height-default\" data-id=\"fcca24e\" data-element_type=\"section\" data-settings=\"{&quot;background_background&quot;:&quot;classic&quot;}\">\n\t\t\t\t\t\t<div class=\"elementor-container elementor-column-gap-default\">\n\t\t\t\t\t\t\t<div class=\"elementor-row\">\n\t\t\t\t\t<div class=\"elementor-column elementor-col-100 elementor-inner-column elementor-element elementor-element-90c5199\" data-id=\"90c5199\" data-element_type=\"column\">\n\t\t\t<div class=\"elementor-column-wrap elementor-element-populated\">\n\t\t\t\t\t\t\t<div class=\"elementor-widget-wrap\">\n\t\t\t\t\t\t<div class=\"elementor-element elementor-element-1a33796 elementor-widget elementor-widget-text-editor\" data-id=\"1a33796\" data-element_type=\"widget\" data-widget_type=\"text-editor.default\">\n\t\t\t\t<div class=\"elementor-widget-container\">\n\t\t\t\t\t\t\t\t<div class=\"elementor-text-editor elementor-clearfix\">\n\t\t\t\t<p><strong>Working time<\/strong><\/p>\t\t\t\t\t<\/div>\n\t\t\t\t\t\t<\/div>\n\t\t\t\t<\/div>\n\t\t\t\t<div class=\"elementor-element elementor-element-dbab34b elementor-widget elementor-widget-text-editor\" data-id=\"dbab34b\" data-element_type=\"widget\" data-widget_type=\"text-editor.default\">\n\t\t\t\t<div class=\"elementor-widget-container\">\n\t\t\t\t\t\t\t\t<div class=\"elementor-text-editor elementor-clearfix\">\n\t\t\t\t<p><strong>Monday:<\/strong> 7:00 \u2013 17:00<\/p><p><strong>Tuesday:<\/strong> 7:00 \u2013 17:00<\/p><p><strong>Wednesday:<\/strong> 7:00 \u2013 17:00<\/p><p><strong>Thursday:<\/strong> 7:00 \u2013 17:00<\/p><p><strong>Friday:<\/strong> 7:00 \u2013 17:00<\/p><p><strong>Saturday:<\/strong> 7:00 \u2013 17:00<\/p><p><strong>Sunday:<\/strong> Sunday:<\/p>\t\t\t\t\t<\/div>\n\t\t\t\t\t\t<\/div>\n\t\t\t\t<\/div>\n\t\t\t\t\t\t<\/div>\n\t\t\t\t\t<\/div>\n\t\t<\/div>\n\t\t\t\t\t\t\t\t<\/div>\n\t\t\t\t\t<\/div>\n\t\t<\/section>\n\t\t\t\t\t\t<\/div>\n\t\t\t\t\t<\/div>\n\t\t<\/section>\n\t\t\t\t<section class=\"elementor-column elementor-col-50 elementor-top-column elementor-element elementor-element-00c5c64\" data-id=\"00c5c64\" data-element_type=\"column\" data-settings=\"{&quot;background_background&quot;:&quot;classic&quot;}\">\n\t\t\t<div class=\"elementor-column-wrap elementor-element-populated\">\n\t\t\t\t\t\t\t<div class=\"elementor-widget-wrap\">\n\t\t\t\t\t\t<div class=\"elementor-element elementor-element-f4ea477 elementor-widget elementor-widget-shortcode\" data-id=\"f4ea477\" data-element_type=\"widget\" data-widget_type=\"shortcode.default\">\n\t\t\t\t<div class=\"elementor-widget-container\">\n\t\t\t\t\t<div class=\"elementor-shortcode\"><div role=\"form\" class=\"wpcf7\" id=\"wpcf7-f10-o1\" lang=\"en-US\" dir=\"ltr\">\n<div class=\"screen-reader-response\"><p role=\"status\" aria-live=\"polite\" aria-atomic=\"true\"><\/p> <ul><\/ul><\/div>\n<form action=\"\/en\/wp-json\/wp\/v2\/pages\/12884#wpcf7-f10-o1\" method=\"post\" class=\"wpcf7-form init\" novalidate=\"novalidate\" data-status=\"init\" data-trp-original-action=\"\/en\/wp-json\/wp\/v2\/pages\/12884#wpcf7-f10-o1\">\n<div style=\"display: none;\">\n<input type=\"hidden\" name=\"_wpcf7\" value=\"10\" \/>\n<input type=\"hidden\" name=\"_wpcf7_version\" value=\"5.5.2\" \/>\n<input type=\"hidden\" name=\"_wpcf7_locale\" value=\"en_US\" \/>\n<input type=\"hidden\" name=\"_wpcf7_unit_tag\" value=\"wpcf7-f10-o1\" \/>\n<input type=\"hidden\" name=\"_wpcf7_container_post\" value=\"0\" \/>\n<input type=\"hidden\" name=\"_wpcf7_posted_data_hash\" value=\"\" \/>\n<\/div>\n<div class=\"theme-contact-form\">\n<h6>Send us a message<\/h6>\n<p><label><span class=\"wpcf7-form-control-wrap your-name\"><input type=\"text\" name=\"your-name\" value=\"\" size=\"40\" class=\"wpcf7-form-control wpcf7-text wpcf7-validates-as-required\" aria-required=\"true\" aria-invalid=\"false\" placeholder=\"Your Name\" \/><\/span><\/label><\/p>\n<p><label><span class=\"wpcf7-form-control-wrap your-email\"><input type=\"email\" name=\"your-email\" value=\"\" size=\"40\" class=\"wpcf7-form-control wpcf7-text wpcf7-email wpcf7-validates-as-required wpcf7-validates-as-email\" aria-required=\"true\" aria-invalid=\"false\" placeholder=\"Your Email\" \/><\/span><\/label><\/p>\n<p><label><span class=\"wpcf7-form-control-wrap your-message\"><textarea name=\"your-message\" cols=\"40\" rows=\"10\" class=\"wpcf7-form-control wpcf7-textarea wpcf7-validates-as-required input-xxlarge\" aria-required=\"true\" aria-invalid=\"false\" placeholder=\"Your Message\"><\/textarea><\/span><\/label><\/p>\n<div class=\"mcf-submit\"><input type=\"submit\" value=\"Submit\" class=\"wpcf7-form-control has-spinner wpcf7-submit\" \/><\/div>\n<\/div>\n<div class=\"wpcf7-response-output\" aria-hidden=\"true\"><\/div><input type=\"hidden\" name=\"trp-form-language\" value=\"en\"\/><\/form><\/div><\/div>\n\t\t\t\t<\/div>\n\t\t\t\t<\/div>\n\t\t\t\t\t\t<\/div>\n\t\t\t\t\t<\/div>\n\t\t<\/section>\n\t\t\t\t\t\t\t\t<\/div>\n\t\t\t\t\t<\/div>\n\t\t<\/section>\n\t\t\t\t<section class=\"elementor-section elementor-top-section elementor-element elementor-element-24954f8 elementor-section-boxed elementor-section-height-default elementor-section-height-default\" data-id=\"24954f8\" data-element_type=\"section\" data-settings=\"{&quot;background_background&quot;:&quot;classic&quot;}\">\n\t\t\t\t\t\t<div class=\"elementor-container elementor-column-gap-default\">\n\t\t\t\t\t\t\t<div class=\"elementor-row\">\n\t\t\t\t\t<div class=\"elementor-column elementor-col-100 elementor-top-column elementor-element elementor-element-c3ff17e\" data-id=\"c3ff17e\" data-element_type=\"column\">\n\t\t\t<div class=\"elementor-column-wrap elementor-element-populated\">\n\t\t\t\t\t\t\t<div class=\"elementor-widget-wrap\">\n\t\t\t\t\t\t<section class=\"elementor-section elementor-inner-section elementor-element elementor-element-0c81a9d elementor-section-boxed elementor-section-height-default elementor-section-height-default\" data-id=\"0c81a9d\" data-element_type=\"section\" data-settings=\"{&quot;background_background&quot;:&quot;gradient&quot;}\">\n\t\t\t\t\t\t\t<div class=\"elementor-background-overlay\"><\/div>\n\t\t\t\t\t\t\t<div class=\"elementor-container elementor-column-gap-default\">\n\t\t\t\t\t\t\t<div class=\"elementor-row\">\n\t\t\t\t\t<div class=\"elementor-column elementor-col-100 elementor-inner-column elementor-element elementor-element-cafc0a0\" data-id=\"cafc0a0\" data-element_type=\"column\">\n\t\t\t<div class=\"elementor-column-wrap elementor-element-populated\">\n\t\t\t\t\t\t\t<div class=\"elementor-widget-wrap\">\n\t\t\t\t\t\t<div class=\"elementor-element elementor-element-c433a40 elementor-widget-tablet__width-inherit elementor-widget elementor-widget-heading\" data-id=\"c433a40\" data-element_type=\"widget\" data-widget_type=\"heading.default\">\n\t\t\t\t<div class=\"elementor-widget-container\">\n\t\t\t<h2 class=\"elementor-heading-title elementor-size-default\">Something to ask?<\/h2>\t\t<\/div>\n\t\t\t\t<\/div>\n\t\t\t\t<div class=\"elementor-element elementor-element-67133cd elementor-widget-tablet__width-inherit elementor-widget elementor-widget-heading\" data-id=\"67133cd\" data-element_type=\"widget\" data-widget_type=\"heading.default\">\n\t\t\t\t<div class=\"elementor-widget-container\">\n\t\t\t<p class=\"elementor-heading-title elementor-size-default\">B\u1ea1n c\u00f3 th\u1ec3 li\u00ean h\u1ec7 v\u1edbi ch\u00fang t\u00f4i qua \u0111\u01b0\u1eddng d\u00e2y n\u00f3ng 02966.54.9999<br>Summary of questions and answers<\/p>\t\t<\/div>\n\t\t\t\t<\/div>\n\t\t\t\t\t\t<\/div>\n\t\t\t\t\t<\/div>\n\t\t<\/div>\n\t\t\t\t\t\t\t\t<\/div>\n\t\t\t\t\t<\/div>\n\t\t<\/section>\n\t\t\t\t\t\t<\/div>\n\t\t\t\t\t<\/div>\n\t\t<\/div>\n\t\t\t\t\t\t\t\t<\/div>\n\t\t\t\t\t<\/div>\n\t\t<\/section>\n\t\t\t\t\t\t<\/div>\n\t\t\t\t\t\t<\/div>\n\t\t\t\t\t<\/div>","protected":false},"excerpt":{"rendered":"<p>Tr\u1ee5 s\u1edf S\u1ed1 546, \u1ea5p Gi\u1ed3ng C\u00e1t, x\u00e3 L\u01b0\u01a1ng An Tr\u00e0, huy\u1ec7n Tri T\u00f4n, t\u1ec9nh An Giang 02966.54.9999 info@ricetvp.com Gi\u1edd l\u00e0m vi\u1ec7c Th\u1ee9 2: 7:00 \u2013 17:00 Th\u1ee9 3: 7:00 \u2013 17:00 Th\u1ee9 4: 7:00 \u2013 17:00 Th\u1ee9 5: 7:00 \u2013 17:00 Th\u1ee9 6: 7:00 \u2013 17:00 Th\u1ee9 7: 7:00 \u2013 17:00 Ch\u1ee7 nh\u1eadt: \u0110\u00f3ng [&hellip;]<\/p>","protected":false},"author":1,"featured_media":0,"parent":0,"menu_order":0,"comment_status":"closed","ping_status":"closed","template":"page-templates\/template-full-width-page-without-header-title.php","meta":{"ngg_post_thumbnail":0},"_links":{"self":[{"href":"https:\/\/ricetvp.com\/en\/wp-json\/wp\/v2\/pages\/12884"}],"collection":[{"href":"https:\/\/ricetvp.com\/en\/wp-json\/wp\/v2\/pages"}],"about":[{"href":"https:\/\/ricetvp.com\/en\/wp-json\/wp\/v2\/types\/page"}],"author":[{"embeddable":true,"href":"https:\/\/ricetvp.com\/en\/wp-json\/wp\/v2\/users\/1"}],"replies":[{"embeddable":true,"href":"https:\/\/ricetvp.com\/en\/wp-json\/wp\/v2\/comments?post=12884"}],"version-history":[{"count":44,"href":"https:\/\/ricetvp.com\/en\/wp-json\/wp\/v2\/pages\/12884\/revisions"}],"predecessor-version":[{"id":17267,"href":"https:\/\/ricetvp.com\/en\/wp-json\/wp\/v2\/pages\/12884\/revisions\/17267"}],"wp:attachment":[{"href":"https:\/\/ricetvp.com\/en\/wp-json\/wp\/v2\/media?parent=12884"}],"curies":[{"name":"wp","href":"https:\/\/api.w.org\/{rel}","templated":true}]}}