{"id":17480,"date":"2024-03-27T03:15:54","date_gmt":"2024-03-27T03:15:54","guid":{"rendered":"https:\/\/ricetvp.com\/?post_type=product&#038;p=17480"},"modified":"2024-10-25T09:31:38","modified_gmt":"2024-10-25T09:31:38","slug":"gao-huu-co-st25","status":"publish","type":"product","link":"https:\/\/ricetvp.com\/en\/product\/gao-huu-co-st25\/","title":{"rendered":"G\u1ea1o H\u1eefu c\u01a1 ST25 (h\u1ed9p 1kg)"},"content":{"rendered":"<p>&nbsp;<\/p>\n<p>&nbsp;<\/p>\n<p><img class=\"aligncenter size-full wp-image-17475\" src=\"https:\/\/ricetvp.com\/wp-content\/uploads\/2024\/03\/ee4b937a-e64a-4145-996a-7177f7534eed.jpg\" alt=\"\" width=\"956\" height=\"1276\" srcset=\"https:\/\/ricetvp.com\/wp-content\/uploads\/2024\/03\/ee4b937a-e64a-4145-996a-7177f7534eed.jpg 956w, https:\/\/ricetvp.com\/wp-content\/uploads\/2024\/03\/ee4b937a-e64a-4145-996a-7177f7534eed-225x300.jpg 225w, https:\/\/ricetvp.com\/wp-content\/uploads\/2024\/03\/ee4b937a-e64a-4145-996a-7177f7534eed-767x1024.jpg 767w, https:\/\/ricetvp.com\/wp-content\/uploads\/2024\/03\/ee4b937a-e64a-4145-996a-7177f7534eed-768x1025.jpg 768w, https:\/\/ricetvp.com\/wp-content\/uploads\/2024\/03\/ee4b937a-e64a-4145-996a-7177f7534eed-9x12.jpg 9w, https:\/\/ricetvp.com\/wp-content\/uploads\/2024\/03\/ee4b937a-e64a-4145-996a-7177f7534eed-800x1068.jpg 800w, https:\/\/ricetvp.com\/wp-content\/uploads\/2024\/03\/ee4b937a-e64a-4145-996a-7177f7534eed-750x1001.jpg 750w\" sizes=\"(max-width: 956px) 100vw, 956px\" \/><\/p>","protected":false},"excerpt":{"rendered":"<p>G\u1ea1o ST25 &#8211; th\u01a1m ngon, m\u1ec1m d\u1ebbo, ng\u1ecdt c\u01a1m.&nbsp;<\/p>\n<p>\u0110\u1ea1t chu\u1ea9n v\u00f9ng tr\u1ed3ng h\u1eefu c\u01a1 theo ch\u1ee9ng nh\u1eadn M\u1ef9 &#8211; Nh\u1eadt &#8211; Ch\u00e2u \u00c2u<\/p>\n<p>\u0110\u00f3ng g\u00f3i: h\u1ed9p 1kg<\/p>\n<p>&nbsp;<\/p>","protected":false},"featured_media":17476,"comment_status":"open","ping_status":"closed","template":"","meta":{"ngg_post_thumbnail":0},"product_cat":[15],"product_tag":[],"_links":{"self":[{"href":"https:\/\/ricetvp.com\/en\/wp-json\/wp\/v2\/product\/17480"}],"collection":[{"href":"https:\/\/ricetvp.com\/en\/wp-json\/wp\/v2\/product"}],"about":[{"href":"https:\/\/ricetvp.com\/en\/wp-json\/wp\/v2\/types\/product"}],"replies":[{"embeddable":true,"href":"https:\/\/ricetvp.com\/en\/wp-json\/wp\/v2\/comments?post=17480"}],"wp:featuredmedia":[{"embeddable":true,"href":"https:\/\/ricetvp.com\/en\/wp-json\/wp\/v2\/media\/17476"}],"wp:attachment":[{"href":"https:\/\/ricetvp.com\/en\/wp-json\/wp\/v2\/media?parent=17480"}],"wp:term":[{"taxonomy":"product_cat","embeddable":true,"href":"https:\/\/ricetvp.com\/en\/wp-json\/wp\/v2\/product_cat?post=17480"},{"taxonomy":"product_tag","embeddable":true,"href":"https:\/\/ricetvp.com\/en\/wp-json\/wp\/v2\/product_tag?post=17480"}],"curies":[{"name":"wp","href":"https:\/\/api.w.org\/{rel}","templated":true}]}}