{"id":17490,"date":"2024-03-27T06:25:19","date_gmt":"2024-03-27T06:25:19","guid":{"rendered":"https:\/\/ricetvp.com\/?post_type=product&#038;p=17490"},"modified":"2024-05-25T10:39:05","modified_gmt":"2024-05-25T10:39:05","slug":"gao-huu-co-17-acid-amin-omega-369","status":"publish","type":"product","link":"https:\/\/ricetvp.com\/en\/product\/gao-huu-co-17-acid-amin-omega-369\/","title":{"rendered":"Organic Rice - 17 amino acids and Omega 3-6-9"},"content":{"rendered":"<p><img class=\"aligncenter size-full wp-image-17306\" src=\"https:\/\/ricetvp.com\/wp-content\/uploads\/2022\/08\/ST25-7.png\" alt=\"\" width=\"3024\" height=\"3024\" srcset=\"https:\/\/ricetvp.com\/wp-content\/uploads\/2022\/08\/ST25-7.png 3024w, https:\/\/ricetvp.com\/wp-content\/uploads\/2022\/08\/ST25-7-300x300.png 300w, https:\/\/ricetvp.com\/wp-content\/uploads\/2022\/08\/ST25-7-1024x1024.png 1024w, https:\/\/ricetvp.com\/wp-content\/uploads\/2022\/08\/ST25-7-150x150.png 150w, https:\/\/ricetvp.com\/wp-content\/uploads\/2022\/08\/ST25-7-768x768.png 768w, https:\/\/ricetvp.com\/wp-content\/uploads\/2022\/08\/ST25-7-1536x1536.png 1536w, https:\/\/ricetvp.com\/wp-content\/uploads\/2022\/08\/ST25-7-2048x2048.png 2048w, https:\/\/ricetvp.com\/wp-content\/uploads\/2022\/08\/ST25-7-12x12.png 12w, https:\/\/ricetvp.com\/wp-content\/uploads\/2022\/08\/ST25-7-800x800.png 800w, https:\/\/ricetvp.com\/wp-content\/uploads\/2022\/08\/ST25-7-100x100.png 100w, https:\/\/ricetvp.com\/wp-content\/uploads\/2022\/08\/ST25-7-75x75.png 75w, https:\/\/ricetvp.com\/wp-content\/uploads\/2022\/08\/ST25-7-750x750.png 750w, https:\/\/ricetvp.com\/wp-content\/uploads\/2022\/08\/ST25-7-1140x1140.png 1140w\" sizes=\"(max-width: 3024px) 100vw, 3024px\" \/><\/p>\n<p><img class=\"aligncenter size-full wp-image-17476\" src=\"https:\/\/ricetvp.com\/wp-content\/uploads\/2024\/03\/d32fd72f-127f-4afb-928d-e65b6d4f43c7.jpg\" alt=\"\" width=\"956\" height=\"1276\" srcset=\"https:\/\/ricetvp.com\/wp-content\/uploads\/2024\/03\/d32fd72f-127f-4afb-928d-e65b6d4f43c7.jpg 956w, https:\/\/ricetvp.com\/wp-content\/uploads\/2024\/03\/d32fd72f-127f-4afb-928d-e65b6d4f43c7-225x300.jpg 225w, https:\/\/ricetvp.com\/wp-content\/uploads\/2024\/03\/d32fd72f-127f-4afb-928d-e65b6d4f43c7-767x1024.jpg 767w, https:\/\/ricetvp.com\/wp-content\/uploads\/2024\/03\/d32fd72f-127f-4afb-928d-e65b6d4f43c7-768x1025.jpg 768w, https:\/\/ricetvp.com\/wp-content\/uploads\/2024\/03\/d32fd72f-127f-4afb-928d-e65b6d4f43c7-9x12.jpg 9w, https:\/\/ricetvp.com\/wp-content\/uploads\/2024\/03\/d32fd72f-127f-4afb-928d-e65b6d4f43c7-800x1068.jpg 800w, https:\/\/ricetvp.com\/wp-content\/uploads\/2024\/03\/d32fd72f-127f-4afb-928d-e65b6d4f43c7-750x1001.jpg 750w\" sizes=\"(max-width: 956px) 100vw, 956px\" \/><\/p>\n<p><img class=\"aligncenter size-full wp-image-17475\" src=\"https:\/\/ricetvp.com\/wp-content\/uploads\/2024\/03\/ee4b937a-e64a-4145-996a-7177f7534eed.jpg\" alt=\"\" width=\"956\" height=\"1276\" srcset=\"https:\/\/ricetvp.com\/wp-content\/uploads\/2024\/03\/ee4b937a-e64a-4145-996a-7177f7534eed.jpg 956w, https:\/\/ricetvp.com\/wp-content\/uploads\/2024\/03\/ee4b937a-e64a-4145-996a-7177f7534eed-225x300.jpg 225w, https:\/\/ricetvp.com\/wp-content\/uploads\/2024\/03\/ee4b937a-e64a-4145-996a-7177f7534eed-767x1024.jpg 767w, https:\/\/ricetvp.com\/wp-content\/uploads\/2024\/03\/ee4b937a-e64a-4145-996a-7177f7534eed-768x1025.jpg 768w, https:\/\/ricetvp.com\/wp-content\/uploads\/2024\/03\/ee4b937a-e64a-4145-996a-7177f7534eed-9x12.jpg 9w, https:\/\/ricetvp.com\/wp-content\/uploads\/2024\/03\/ee4b937a-e64a-4145-996a-7177f7534eed-800x1068.jpg 800w, https:\/\/ricetvp.com\/wp-content\/uploads\/2024\/03\/ee4b937a-e64a-4145-996a-7177f7534eed-750x1001.jpg 750w\" sizes=\"(max-width: 956px) 100vw, 956px\" \/><\/p>","protected":false},"excerpt":{"rendered":"<p>G\u1ea1o ST25 &#8211; th\u01a1m ngon, m\u1ec1m d\u1ebbo, ng\u1ecdt c\u01a1m.&nbsp;<\/p>\n<p>\u0110\u1ea1t chu\u1ea9n v\u00f9ng tr\u1ed3ng h\u1eefu c\u01a1 theo ch\u1ee9ng nh\u1eadn M\u1ef9 &#8211; Nh\u1eadt &#8211; Ch\u00e2u \u00c2u<\/p>\n<p>\u0110\u00f3ng g\u00f3i: h\u1ed9p 1kg<\/p>\n<p>Gi\u00e1 b\u00e1n: 98.000 \u0111\/kg<\/p>\n<p>&nbsp;<\/p>","protected":false},"featured_media":17485,"comment_status":"open","ping_status":"closed","template":"","meta":{"ngg_post_thumbnail":0},"product_cat":[15],"product_tag":[],"_links":{"self":[{"href":"https:\/\/ricetvp.com\/en\/wp-json\/wp\/v2\/product\/17490"}],"collection":[{"href":"https:\/\/ricetvp.com\/en\/wp-json\/wp\/v2\/product"}],"about":[{"href":"https:\/\/ricetvp.com\/en\/wp-json\/wp\/v2\/types\/product"}],"replies":[{"embeddable":true,"href":"https:\/\/ricetvp.com\/en\/wp-json\/wp\/v2\/comments?post=17490"}],"wp:featuredmedia":[{"embeddable":true,"href":"https:\/\/ricetvp.com\/en\/wp-json\/wp\/v2\/media\/17485"}],"wp:attachment":[{"href":"https:\/\/ricetvp.com\/en\/wp-json\/wp\/v2\/media?parent=17490"}],"wp:term":[{"taxonomy":"product_cat","embeddable":true,"href":"https:\/\/ricetvp.com\/en\/wp-json\/wp\/v2\/product_cat?post=17490"},{"taxonomy":"product_tag","embeddable":true,"href":"https:\/\/ricetvp.com\/en\/wp-json\/wp\/v2\/product_tag?post=17490"}],"curies":[{"name":"wp","href":"https:\/\/api.w.org\/{rel}","templated":true}]}}