{"id":17525,"date":"2024-12-28T07:30:43","date_gmt":"2024-12-28T07:30:43","guid":{"rendered":"https:\/\/ricetvp.com\/?post_type=product&#038;p=17525"},"modified":"2024-12-28T09:43:17","modified_gmt":"2024-12-28T09:43:17","slug":"gao-st25-17acidamin-omega369","status":"publish","type":"product","link":"https:\/\/ricetvp.com\/en\/product\/gao-st25-17acidamin-omega369\/","title":{"rendered":"G\u1ea1o ST25 -17 acidamin, Omega 3-6-9 (h\u1ed9p 2kg)"},"content":{"rendered":"<h2 style=\"text-align: center;\"><span style=\"color: #ff6600;\"><a style=\"color: #ff6600;\" href=\"https:\/\/ricetvp.com\/en\/cua-hang\/\">COLLAGEN RICE<\/a> COLLAGEN 7 n\u00fai<\/span><\/h2>\n<p style=\"text-align: center;\">c\u00f3 ch\u1ee9a 17 acid amin v\u00e0 Omega 3-6-9<\/p>\n<p style=\"text-align: center;\">gi\u00e1 b\u00e1n l\u1ebb: 50.000 \u0111\/kg<\/p>\n<p style=\"text-align: center;\"><img class=\"aligncenter wp-image-17527\" src=\"https:\/\/ricetvp.com\/wp-content\/uploads\/2024\/12\/2.png\" alt=\"\" width=\"716\" height=\"618\" srcset=\"https:\/\/ricetvp.com\/wp-content\/uploads\/2024\/12\/2.png 858w, https:\/\/ricetvp.com\/wp-content\/uploads\/2024\/12\/2-300x259.png 300w, https:\/\/ricetvp.com\/wp-content\/uploads\/2024\/12\/2-768x662.png 768w, https:\/\/ricetvp.com\/wp-content\/uploads\/2024\/12\/2-14x12.png 14w, https:\/\/ricetvp.com\/wp-content\/uploads\/2024\/12\/2-800x690.png 800w, https:\/\/ricetvp.com\/wp-content\/uploads\/2024\/12\/2-750x647.png 750w\" sizes=\"(max-width: 716px) 100vw, 716px\" \/><\/p>\n<p><strong><span style=\"color: #ff6600;\"><a style=\"color: #ff6600;\" href=\"https:\/\/ricetvp.com\/en\/\">Collagen Rice<\/a><\/span><\/strong> l\u00e0 s\u1ea3n ph\u1ea9m cao c\u1ea5p, \u0111\u01b0\u1ee3c tr\u1ed3ng tr\u00ean n\u1ec1n t\u1ea3ng c\u00e1c gi\u1ed1ng l\u00faa g\u1ea1o tr\u1eafng h\u1ea1t d\u00e0i th\u01a1m ngon ch\u1ea5t l\u01b0\u1ee3ng, k\u1ebft h\u1ee3p v\u1edbi quy tr\u00ecnh s\u1ea3n xu\u1ea5t nghi\u00eam ng\u1eb7t, s\u1eed d\u1ee5ng ph\u00e2n b\u00f3n vi sinh v\u00e0 c\u00e1c ch\u1ebf ph\u1ea9m dinh d\u01b0\u1ee1ng \u0111\u1eb7c ch\u1ebf ri\u00eang bi\u1ec7t c\u1ee7a C\u00f4ng ty, l\u00e0m t\u0103ng th\u00e0nh ph\u1ea7n dinh d\u01b0\u1ee1ng trong g\u1ea1o, t\u1ea1o n\u00ean m\u1ed9t s\u1ea3n ph\u1ea9m \u0111\u1ed9c \u0111\u00e1o, kh\u00e1c bi\u1ec7t duy nh\u1ea5t tr\u00ean to\u00e0n c\u1ea7u.<\/p>\n<p><img class=\"aligncenter size-full wp-image-17305\" src=\"https:\/\/ricetvp.com\/wp-content\/uploads\/2022\/08\/St24-2-scaled.jpg\" alt=\"\" width=\"2560\" height=\"2560\" srcset=\"https:\/\/ricetvp.com\/wp-content\/uploads\/2022\/08\/St24-2-scaled.jpg 2560w, https:\/\/ricetvp.com\/wp-content\/uploads\/2022\/08\/St24-2-300x300.jpg 300w, https:\/\/ricetvp.com\/wp-content\/uploads\/2022\/08\/St24-2-1024x1024.jpg 1024w, https:\/\/ricetvp.com\/wp-content\/uploads\/2022\/08\/St24-2-150x150.jpg 150w, https:\/\/ricetvp.com\/wp-content\/uploads\/2022\/08\/St24-2-768x768.jpg 768w, https:\/\/ricetvp.com\/wp-content\/uploads\/2022\/08\/St24-2-1536x1536.jpg 1536w, https:\/\/ricetvp.com\/wp-content\/uploads\/2022\/08\/St24-2-2048x2048.jpg 2048w, https:\/\/ricetvp.com\/wp-content\/uploads\/2022\/08\/St24-2-12x12.jpg 12w, https:\/\/ricetvp.com\/wp-content\/uploads\/2022\/08\/St24-2-800x800.jpg 800w, https:\/\/ricetvp.com\/wp-content\/uploads\/2022\/08\/St24-2-100x100.jpg 100w, https:\/\/ricetvp.com\/wp-content\/uploads\/2022\/08\/St24-2-75x75.jpg 75w, https:\/\/ricetvp.com\/wp-content\/uploads\/2022\/08\/St24-2-750x750.jpg 750w, https:\/\/ricetvp.com\/wp-content\/uploads\/2022\/08\/St24-2-1140x1140.jpg 1140w\" sizes=\"(max-width: 2560px) 100vw, 2560px\" \/><\/p>\n<p>&nbsp;<\/p>\n<p>V\u00f9ng canh t\u00e1c l\u00faa t\u00f4m, l\u00faa c\u00e1, th\u00e2m canh. Nh\u00e0 m\u00e1y ch\u1ebf bi\u1ebfn \u0111\u1ea1t chu\u1ea9n HACCP, GMP v\u00e0 ISO 22000. T\u1ea1i \u0111\u00e2y, g\u1ea1o \u0111\u01b0\u1ee3c ch\u1ebf bi\u1ebfn v\u00e0 \u0111\u00f3ng g\u00f3i k\u1ef9 c\u00e0ng, \u0111\u1ea3m b\u1ea3o ti\u00eau chu\u1ea9n ch\u1ea5t l\u01b0\u1ee3ng xu\u1ea5t kh\u1ea9u, \u0111\u00e1p \u1ee9ng c\u00e1c th\u1ecb tr\u01b0\u1eddng kh\u00f3 t\u00ednh nh\u1ea5t.<\/p>\n<p><a href=\"https:\/\/trunganrice.com\/thanh-phan-dinh-duong-cua-gao\/\"><br \/>\n<img class=\"aligncenter wp-image-17163\" src=\"https:\/\/ricetvp.com\/wp-content\/uploads\/2021\/03\/St24-5.jpg\" alt=\"G\u1ea1o COLLAGEN 7 N\u00fai\" width=\"482\" height=\"997\" srcset=\"https:\/\/ricetvp.com\/wp-content\/uploads\/2021\/03\/St24-5.jpg 464w, https:\/\/ricetvp.com\/wp-content\/uploads\/2021\/03\/St24-5-145x300.jpg 145w, https:\/\/ricetvp.com\/wp-content\/uploads\/2021\/03\/St24-5-6x12.jpg 6w\" sizes=\"(max-width: 482px) 100vw, 482px\" \/><\/a><\/p>\n<p style=\"text-align: center;\">&nbsp;<\/p>\n<p>Ngo\u00e0i nh\u1eefng th\u00e0nh ph\u1ea7n c\u01a1 b\u1ea3n, G\u1ea1o Collagen c\u00f2n \u0111\u01b0\u1ee3c b\u1ed5 sung th\u00eam 17 acid amin thi\u1ebft y\u1ebfu, Omega 3-6-9:<\/p>\n<ul>\n<li>Amino acids: general support for the body, improve brain, and joint problems<\/li>\n<li>Omega 3-6-9: good for brain and eyes<\/li>\n<\/ul>\n<p style=\"text-align: center;\"><img class=\"aligncenter size-full wp-image-17531\" src=\"https:\/\/ricetvp.com\/wp-content\/uploads\/2024\/12\/5-1.png\" alt=\"\" width=\"902\" height=\"909\" srcset=\"https:\/\/ricetvp.com\/wp-content\/uploads\/2024\/12\/5-1.png 902w, https:\/\/ricetvp.com\/wp-content\/uploads\/2024\/12\/5-1-298x300.png 298w, https:\/\/ricetvp.com\/wp-content\/uploads\/2024\/12\/5-1-150x150.png 150w, https:\/\/ricetvp.com\/wp-content\/uploads\/2024\/12\/5-1-768x774.png 768w, https:\/\/ricetvp.com\/wp-content\/uploads\/2024\/12\/5-1-12x12.png 12w, https:\/\/ricetvp.com\/wp-content\/uploads\/2024\/12\/5-1-800x806.png 800w, https:\/\/ricetvp.com\/wp-content\/uploads\/2024\/12\/5-1-100x100.png 100w, https:\/\/ricetvp.com\/wp-content\/uploads\/2024\/12\/5-1-75x75.png 75w, https:\/\/ricetvp.com\/wp-content\/uploads\/2024\/12\/5-1-750x756.png 750w\" sizes=\"(max-width: 902px) 100vw, 902px\" \/><\/p>\n<p style=\"text-align: center;\"><span class=\"fontstyle0\">PRODUCT STANDARD<br \/>\nG\u1ea0O DINH D\u01af\u1ee0NG 17 ACID AMIN \u2013 OMEGA 3-6-9<br \/>\nTYPE OF RICE: ST25<br \/>\n<\/span><\/p>\n<table class=\"NormalTable\" style=\"height: 1314px;\" width=\"808\">\n<tbody>\n<tr>\n<td style=\"text-align: left;\" width=\"129\"><span class=\"fontstyle2\">Plate ratio<\/span><\/td>\n<td style=\"text-align: left;\" width=\"234\"><span class=\"fontstyle2\">5,0% Max<\/span><\/td>\n<td style=\"text-align: left;\" width=\"233\">&nbsp;<\/td>\n<\/tr>\n<tr>\n<td width=\"234\"><span class=\"fontstyle2\">Impurities <\/span><\/td>\n<td width=\"233\"><span class=\"fontstyle2\">0,1% Max<\/span><\/td>\n<\/tr>\n<tr>\n<td width=\"234\"><span class=\"fontstyle2\">Sick seeds <\/span><\/td>\n<td width=\"233\"><span class=\"fontstyle2\">0,5% Max<\/span><\/td>\n<\/tr>\n<tr>\n<td width=\"234\"><span class=\"fontstyle2\">Humidity <\/span><\/td>\n<td width=\"233\"><span class=\"fontstyle2\">14,5% Max<\/span><\/td>\n<\/tr>\n<tr>\n<td width=\"234\"><span class=\"fontstyle2\">Average grain length <\/span><\/td>\n<td width=\"233\"><span class=\"fontstyle2\">7,2mm Min<\/span><\/td>\n<\/tr>\n<tr>\n<td width=\"234\"><span class=\"fontstyle2\">Gold Beads <\/span><\/td>\n<td width=\"233\"><span class=\"fontstyle2\">0,5% Max<\/span><\/td>\n<\/tr>\n<tr>\n<td width=\"234\"><span class=\"fontstyle2\">Belly silver seeds <\/span><\/td>\n<td width=\"233\"><span class=\"fontstyle2\">1,0% Max<\/span><\/td>\n<\/tr>\n<tr>\n<td width=\"234\"><span class=\"fontstyle2\">Red beads and red stripes <\/span><\/td>\n<td width=\"233\"><span class=\"fontstyle2\">0,5% Max<\/span><\/td>\n<\/tr>\n<tr>\n<td width=\"234\"><span class=\"fontstyle2\">Mixed rice <\/span><\/td>\n<td width=\"233\"><span class=\"fontstyle2\">1 seed\/50kg<\/span><\/td>\n<\/tr>\n<tr>\n<td width=\"234\"><span class=\"fontstyle2\">Purity <\/span><\/td>\n<td width=\"233\"><span class=\"fontstyle2\">95% Max<\/span><\/td>\n<\/tr>\n<tr>\n<td width=\"234\"><span class=\"fontstyle2\">Degree of milling <\/span><\/td>\n<td width=\"233\"><span class=\"fontstyle2\">Good, thorough and sortex<\/span><\/td>\n<\/tr>\n<tr>\n<td width=\"234\"><span class=\"fontstyle2\">Season <\/span><\/td>\n<td width=\"233\"><span class=\"fontstyle2\">Latest<\/span><\/td>\n<\/tr>\n<tr>\n<td width=\"129\"><span class=\"fontstyle0\">ELEMENT<br \/>\nNUTRITION<\/span><\/td>\n<td width=\"468\"><span class=\"fontstyle2\">Calories, Saturated fat, Dietary fiber, Glucose, Carbonhydrate, Protein, Calcium, Iron, Potassium<\/span><\/p>\n<p>OMEGA 3-6-9, <span class=\"fontstyle2\">Nh\u00f3m 17 acid amin bao g\u1ed3m: Alanine, Arginine, Aspartic acid, Cysteine, Glutamic acid, Glycine, Histidine, Isoleucine, Leucine, Lysine, Methionine, Phenylalanine, Proline, Serine, Threonine, Tyrosine, Valine<\/span><\/td>\n<\/tr>\n<tr>\n<td width=\"468\">&nbsp;<\/td>\n<\/tr>\n<tr>\n<td width=\"468\">&nbsp;<\/td>\n<\/tr>\n<tr>\n<td width=\"129\"><span class=\"fontstyle0\">CHARACTERISTIC <\/span><\/td>\n<td width=\"468\"><span class=\"fontstyle2\">D\u1ebbo, m\u1ec1m, th\u01a1m. M\u00e0u tr\u1eafng trong \u0111\u1eb7c tr\u01b0ng<\/span><\/td>\n<\/tr>\n<tr>\n<td width=\"129\"><span class=\"fontstyle0\">PACKING <\/span><\/td>\n<td width=\"468\"><span class=\"fontstyle2\">h\u1ed9p 2kg, PA h\u00fat ch\u00e2n kh\u00f4ng<\/span><\/td>\n<\/tr>\n<tr>\n<td width=\"129\"><span class=\"fontstyle0\"><br \/>\nUSER MANUAL<\/span><\/td>\n<td width=\"468\"><span class=\"fontstyle2\">Measure the rice and gently wash it by hand with water<br \/>\nAdd water according to the recommended ratio: rice\/water: 1\/0.8 \u2013 1\/1<br \/>\nN\u1ea5u kho\u1ea3ng 20 ph\u00fat, sau \u0111\u00f3 x\u1edbi nh\u1eb9 v\u00e0 ch\u1edd th\u00eam 5-10 ph\u00fat \u0111\u1ec3 c\u01a1m r\u00e1o l\u00e0 d\u00f9ng \u0111\u01b0\u1ee3c.<\/span><\/td>\n<\/tr>\n<tr>\n<td width=\"129\"><span class=\"fontstyle0\">STORAGE <\/span><\/td>\n<td width=\"468\"><span class=\"fontstyle2\">Store in a cool, dry place, away from sunlight<\/span><\/td>\n<\/tr>\n<tr>\n<td width=\"129\"><span class=\"fontstyle0\">EXPIRY <\/span><\/td>\n<td width=\"468\"><span class=\"fontstyle2\">2 years<\/span><\/td>\n<\/tr>\n<tr>\n<td width=\"129\"><span class=\"fontstyle0\">ORIGIN <\/span><\/td>\n<td width=\"468\"><span class=\"fontstyle2\">Vietnam<\/span><\/td>\n<\/tr>\n<tr>\n<td width=\"129\"><span class=\"fontstyle0\">FACTORY<\/span><\/td>\n<td width=\"468\"><span class=\"fontstyle2\">Trinh Van Phu Co., Ltd<br \/>\n546, Giong Cat hamlet, Luong An Tra commune, Tri Ton district, An Giang province<\/span><\/td>\n<\/tr>\n<tr>\n<td width=\"129\"><span class=\"fontstyle0\">STANDARDS <\/span><\/td>\n<td width=\"468\"><span class=\"fontstyle2\">ISO 22000:2018, HACCP, GMP<\/span><\/td>\n<\/tr>\n<tr>\n<td style=\"text-align: left;\" width=\"129\"><span class=\"fontstyle0\">CONTACT <\/span><\/td>\n<td style=\"text-align: left;\" width=\"468\"><span class=\"fontstyle2\">Tel: +84 2966 54 9999<br \/>\nEmail: trinhvanphurice@gmail.com<\/span><\/td>\n<\/tr>\n<\/tbody>\n<\/table>\n<p>With the desire to meet the needs of customers, our company has built and developed higher and higher in terms of product quality, as well as packaging design, improving both suitability and keeping the characteristics of the business. industry, as well as local specialties.<\/p>\n<p style=\"text-align: center;\"><img class=\"aligncenter size-full wp-image-17535\" src=\"https:\/\/ricetvp.com\/wp-content\/uploads\/2024\/12\/9.png\" alt=\"\" width=\"926\" height=\"1004\" srcset=\"https:\/\/ricetvp.com\/wp-content\/uploads\/2024\/12\/9.png 926w, https:\/\/ricetvp.com\/wp-content\/uploads\/2024\/12\/9-277x300.png 277w, https:\/\/ricetvp.com\/wp-content\/uploads\/2024\/12\/9-768x833.png 768w, https:\/\/ricetvp.com\/wp-content\/uploads\/2024\/12\/9-11x12.png 11w, https:\/\/ricetvp.com\/wp-content\/uploads\/2024\/12\/9-800x867.png 800w, https:\/\/ricetvp.com\/wp-content\/uploads\/2024\/12\/9-750x813.png 750w\" sizes=\"(max-width: 926px) 100vw, 926px\" \/><\/p>\n<p>&nbsp;<\/p>\n<p>&nbsp;<\/p>","protected":false},"excerpt":{"rendered":"<h2 style=\"text-align: center;\"><span style=\"color: #ff6600;\"><a style=\"color: #ff6600;\" href=\"https:\/\/ricetvp.com\/en\/cua-hang\/\">COLLAGEN RICE<\/a> ST25 nh\u00e3n hi\u1ec7u COLLAGEN 7 n\u00fai<\/span><\/h2>\n<p style=\"text-align: center;\">c\u00f3 ch\u1ee9a 17 acid amin v\u00e0 Omega 3-6-9<\/p>\n<p style=\"text-align: center;\">gi\u00e1 b\u00e1n l\u1ebb: 50.000 \u0111\/kg<\/p>\n<p>L\u1ef1a ch\u1ecdn nh\u1eefng lo\u1ea1i g\u1ea1o n\u1eb1m trong top g\u1ea1o ngon nh\u1ea5t th\u1ebf gi\u1edbi, v\u1edbi h\u1ea1t g\u1ea1o thon d\u00e0i, c\u01a1m tr\u1eafng d\u1ebbo m\u1ec1m th\u01a1m, nay l\u1ea1i \u0111\u01b0\u1ee3c b\u1ed5 sung dinh d\u01b0\u1ee1ng 17 acid amin thi\u1ebft y\u1ebfu b\u1eb1ng quy tr\u00ecnh canh t\u00e1c, l\u1ea1i \u0111\u01b0\u1ee3c n\u00e2ng c\u1ea5p h\u01a1n v\u1edbi h\u00e0m l\u01b0\u1ee3ng dinh d\u01b0\u1ee1ng c\u00f3 trong g\u1ea1o, nay l\u1ea1i c\u00f3 th\u00eam Omega 3-6-9, \u0111\u00e3 t\u1ea1o n\u00ean m\u1ed9t b\u01b0\u1edbc ti\u1ebfn v\u01b0\u1ee3t b\u1eadc cho g\u1ea1o dinh d\u01b0\u1ee1ng, t\u1ea1o ra s\u1ea3n ph\u1ea9m \u0111\u1ed9c \u0111\u00e1o kh\u00e1c bi\u1ec7t, duy nh\u1ea5t tr\u00ean to\u00e0n c\u1ea7u.<\/p>\n<p>Rice is grown organically, cultivated on the basis of Rice - Shrimp, Rice - Fish, using microbiological technology, creating nutritional value, safe for health.<\/p>\n<p>Gi\u00e1 b\u00e1n l\u1ebb: 50.000 \u0111\/kg, H\u1ed8P 2KG: 100.000 \u0111<\/p>\n<p>Th\u00f9ng 10 h\u1ed9p ~ 20kg, gi\u00e1: 1.00.000 \u0111<\/p>\n<p>Li\u00ean h\u1ec7 tr\u1ef1c ti\u1ebfp C\u00f4ng ty \u0111\u1ec3 nh\u1eadn gi\u00e1 s\u1ec9 \u01b0u \u0111\u00e3i<\/p>","protected":false},"featured_media":17531,"comment_status":"open","ping_status":"closed","template":"","meta":{"ngg_post_thumbnail":0},"product_cat":[19],"product_tag":[106,104,107,80,108,105],"_links":{"self":[{"href":"https:\/\/ricetvp.com\/en\/wp-json\/wp\/v2\/product\/17525"}],"collection":[{"href":"https:\/\/ricetvp.com\/en\/wp-json\/wp\/v2\/product"}],"about":[{"href":"https:\/\/ricetvp.com\/en\/wp-json\/wp\/v2\/types\/product"}],"replies":[{"embeddable":true,"href":"https:\/\/ricetvp.com\/en\/wp-json\/wp\/v2\/comments?post=17525"}],"wp:featuredmedia":[{"embeddable":true,"href":"https:\/\/ricetvp.com\/en\/wp-json\/wp\/v2\/media\/17531"}],"wp:attachment":[{"href":"https:\/\/ricetvp.com\/en\/wp-json\/wp\/v2\/media?parent=17525"}],"wp:term":[{"taxonomy":"product_cat","embeddable":true,"href":"https:\/\/ricetvp.com\/en\/wp-json\/wp\/v2\/product_cat?post=17525"},{"taxonomy":"product_tag","embeddable":true,"href":"https:\/\/ricetvp.com\/en\/wp-json\/wp\/v2\/product_tag?post=17525"}],"curies":[{"name":"wp","href":"https:\/\/api.w.org\/{rel}","templated":true}]}}